{"id":507,"date":"2025-08-08T19:30:02","date_gmt":"2025-08-08T19:30:02","guid":{"rendered":"https:\/\/triox.be\/?page_id=507"},"modified":"2025-09-17T19:15:32","modified_gmt":"2025-09-17T19:15:32","slug":"documentation-et-support","status":"publish","type":"page","link":"https:\/\/triox.be\/uk\/documentation-et-support\/","title":{"rendered":"\u041f\u0456\u0434\u0442\u0440\u0438\u043c\u043a\u0430"},"content":{"rendered":"\t\t<div data-elementor-type=\"wp-page\" data-elementor-id=\"507\" class=\"elementor elementor-507\" data-elementor-post-type=\"page\">\n\t\t\t\t<div class=\"elementor-element elementor-element-966892b e-flex e-con-boxed wpr-particle-no wpr-jarallax-no wpr-parallax-no wpr-sticky-section-no wpr-column-slider-no wpr-equal-height-no e-con e-parent\" data-id=\"966892b\" data-element_type=\"container\" data-e-type=\"container\" data-settings=\"{&quot;background_background&quot;:&quot;classic&quot;,&quot;background_motion_fx_motion_fx_scrolling&quot;:&quot;yes&quot;,&quot;background_motion_fx_translateX_effect&quot;:&quot;yes&quot;,&quot;background_motion_fx_translateX_speed&quot;:{&quot;unit&quot;:&quot;px&quot;,&quot;size&quot;:1.4,&quot;sizes&quot;:[]},&quot;background_motion_fx_translateX_affectedRange&quot;:{&quot;unit&quot;:&quot;%&quot;,&quot;size&quot;:&quot;&quot;,&quot;sizes&quot;:{&quot;start&quot;:0,&quot;end&quot;:100}},&quot;background_motion_fx_devices&quot;:[&quot;desktop&quot;,&quot;tablet&quot;,&quot;mobile&quot;]}\">\n\t\t\t\t\t<div class=\"e-con-inner\">\n\t\t\t\t<div class=\"elementor-element elementor-element-b5ad102 visually-hidden elementor-widget elementor-widget-html\" data-id=\"b5ad102\" data-element_type=\"widget\" data-e-type=\"widget\" data-widget_type=\"html.default\">\n\t\t\t\t<div class=\"elementor-widget-container\">\n\t\t\t\t\t<!-- \u00c0 placer dans un widget HTML Elementor -->\r\n<h2 class=\"visually-hidden\">support logiciel facturation<\/h2>\r\n\t\t\t\t<\/div>\n\t\t\t\t<\/div>\n\t\t<div class=\"elementor-element elementor-element-641656d e-con-full e-flex wpr-particle-no wpr-jarallax-no wpr-parallax-no wpr-sticky-section-no wpr-column-slider-no wpr-equal-height-no e-con e-child\" data-id=\"641656d\" data-element_type=\"container\" data-e-type=\"container\">\n\t\t\t\t<div class=\"elementor-element elementor-element-656eab2 elementor-widget elementor-widget-heading\" data-id=\"656eab2\" data-element_type=\"widget\" data-e-type=\"widget\" data-widget_type=\"heading.default\">\n\t\t\t\t<div class=\"elementor-widget-container\">\n\t\t\t\t\t<h2 class=\"elementor-heading-title elementor-size-default\">Documentation et Support Triox \u2013 Toutes les fonctionnalit\u00e9s en d\u00e9tail<\/h2>\t\t\t\t<\/div>\n\t\t\t\t<\/div>\n\t\t\t\t<div class=\"elementor-element elementor-element-72df0ee elementor-widget elementor-widget-text-editor\" data-id=\"72df0ee\" data-element_type=\"widget\" data-e-type=\"widget\" data-widget_type=\"text-editor.default\">\n\t\t\t\t<div class=\"elementor-widget-container\">\n\t\t\t\t\t\t\t\t\t<p>D\u00e9couvrez l\u2019ensemble des outils et fonctionnalit\u00e9s de Triox regroup\u00e9s en un seul endroit. Cette documentation vous guide pas \u00e0 pas dans l\u2019utilisation de la plateforme : gestion des clients, cr\u00e9ation et envoi de factures, suivi des paiements, personnalisation et bien plus encore. Tout ce dont vous avez besoin pour exploiter pleinement Triox et simplifier votre facturation au quotidien.<\/p>\t\t\t\t\t\t\t\t<\/div>\n\t\t\t\t<\/div>\n\t\t\t\t<\/div>\n\t\t\t\t\t<\/div>\n\t\t\t\t<\/div>\n\t\t<div class=\"elementor-element elementor-element-70eb0d8 e-con-full e-flex wpr-particle-no wpr-jarallax-no wpr-parallax-no wpr-sticky-section-no wpr-column-slider-no wpr-equal-height-no e-con e-parent\" data-id=\"70eb0d8\" data-element_type=\"container\" data-e-type=\"container\">\n\t\t\t\t<div class=\"elementor-element elementor-element-43ee6ec elementor-grid-4 elementor-grid-tablet-4 elementor-grid-mobile-1 elementor-posts--thumbnail-top elementor-widget elementor-widget-posts\" data-id=\"43ee6ec\" data-element_type=\"widget\" data-e-type=\"widget\" data-settings=\"{&quot;classic_columns&quot;:&quot;4&quot;,&quot;classic_columns_tablet&quot;:&quot;4&quot;,&quot;classic_columns_mobile&quot;:&quot;1&quot;,&quot;classic_row_gap&quot;:{&quot;unit&quot;:&quot;px&quot;,&quot;size&quot;:35,&quot;sizes&quot;:[]},&quot;classic_row_gap_tablet&quot;:{&quot;unit&quot;:&quot;px&quot;,&quot;size&quot;:&quot;&quot;,&quot;sizes&quot;:[]},&quot;classic_row_gap_mobile&quot;:{&quot;unit&quot;:&quot;px&quot;,&quot;size&quot;:&quot;&quot;,&quot;sizes&quot;:[]}}\" data-widget_type=\"posts.classic\">\n\t\t\t\t<div class=\"elementor-widget-container\">\n\t\t\t\t\t\t\t<div class=\"elementor-posts-container elementor-posts elementor-posts--skin-classic elementor-grid\" role=\"list\">\n\t\t\t\t<article class=\"elementor-post elementor-grid-item post-986 post type-post status-publish format-standard has-post-thumbnail hentry category-docs\" role=\"listitem\">\n\t\t\t\t<a class=\"elementor-post__thumbnail__link\" href=\"https:\/\/triox.be\/uk\/rapports-analyses\/\" tabindex=\"-1\" target=&quot;_blank&quot;>\n\t\t\t<div class=\"elementor-post__thumbnail\"><img fetchpriority=\"high\" decoding=\"async\" width=\"300\" height=\"300\" src=\"https:\/\/triox.be\/wp-content\/uploads\/2025\/08\/8-300x300.png\" class=\"attachment-medium size-medium wp-image-991\" alt=\"rapports facturation\" srcset=\"https:\/\/triox.be\/wp-content\/uploads\/2025\/08\/8-300x300.png 300w, https:\/\/triox.be\/wp-content\/uploads\/2025\/08\/8-1024x1024.png 1024w, https:\/\/triox.be\/wp-content\/uploads\/2025\/08\/8-150x150.png 150w, https:\/\/triox.be\/wp-content\/uploads\/2025\/08\/8-768x768.png 768w, https:\/\/triox.be\/wp-content\/uploads\/2025\/08\/8.png 1080w\" sizes=\"(max-width: 300px) 100vw, 300px\" \/><\/div>\n\t\t<\/a>\n\t\t\t\t<div class=\"elementor-post__text\">\n\t\t\t\t<h3 class=\"elementor-post__title\">\n\t\t\t<a href=\"https:\/\/triox.be\/uk\/rapports-analyses\/\" target=&quot;_blank&quot;>\n\t\t\t\tRapports &amp; Analyses\t\t\t<\/a>\n\t\t<\/h3>\n\t\t\n\t\t<a class=\"elementor-post__read-more\" href=\"https:\/\/triox.be\/uk\/rapports-analyses\/\" aria-label=\"Read more about Rapports &amp; Analyses\" tabindex=\"-1\" target=\"_blank\">\n\t\t\tRead More \u00bb\t\t<\/a>\n\n\t\t\t\t<\/div>\n\t\t\t\t<\/article>\n\t\t\t\t<article class=\"elementor-post elementor-grid-item post-984 post type-post status-publish format-standard has-post-thumbnail hentry category-docs\" role=\"listitem\">\n\t\t\t\t<a class=\"elementor-post__thumbnail__link\" href=\"https:\/\/triox.be\/uk\/notes-de-credit\/\" tabindex=\"-1\" target=&quot;_blank&quot;>\n\t\t\t<div class=\"elementor-post__thumbnail\"><img decoding=\"async\" width=\"300\" height=\"300\" src=\"https:\/\/triox.be\/wp-content\/uploads\/2025\/08\/7-300x300.png\" class=\"attachment-medium size-medium wp-image-992\" alt=\"notes de cr\u00e9dit\" srcset=\"https:\/\/triox.be\/wp-content\/uploads\/2025\/08\/7-300x300.png 300w, https:\/\/triox.be\/wp-content\/uploads\/2025\/08\/7.png 1080w\" sizes=\"(max-width: 300px) 100vw, 300px\" \/><\/div>\n\t\t<\/a>\n\t\t\t\t<div class=\"elementor-post__text\">\n\t\t\t\t<h3 class=\"elementor-post__title\">\n\t\t\t<a href=\"https:\/\/triox.be\/uk\/notes-de-credit\/\" target=&quot;_blank&quot;>\n\t\t\t\tNotes de Cr\u00e9dit\t\t\t<\/a>\n\t\t<\/h3>\n\t\t\n\t\t<a class=\"elementor-post__read-more\" href=\"https:\/\/triox.be\/uk\/notes-de-credit\/\" aria-label=\"Read more about Notes de Cr\u00e9dit\" tabindex=\"-1\" target=\"_blank\">\n\t\t\tRead More \u00bb\t\t<\/a>\n\n\t\t\t\t<\/div>\n\t\t\t\t<\/article>\n\t\t\t\t<article class=\"elementor-post elementor-grid-item post-982 post type-post status-publish format-standard has-post-thumbnail hentry category-docs\" role=\"listitem\">\n\t\t\t\t<a class=\"elementor-post__thumbnail__link\" href=\"https:\/\/triox.be\/uk\/gestion-des-factures\/\" tabindex=\"-1\" target=&quot;_blank&quot;>\n\t\t\t<div class=\"elementor-post__thumbnail\"><img decoding=\"async\" width=\"300\" height=\"300\" src=\"https:\/\/triox.be\/wp-content\/uploads\/2025\/08\/6-300x300.png\" class=\"attachment-medium size-medium wp-image-1000\" alt=\"gestion factures\" srcset=\"https:\/\/triox.be\/wp-content\/uploads\/2025\/08\/6-300x300.png 300w, https:\/\/triox.be\/wp-content\/uploads\/2025\/08\/6-1024x1024.png 1024w, https:\/\/triox.be\/wp-content\/uploads\/2025\/08\/6-150x150.png 150w, https:\/\/triox.be\/wp-content\/uploads\/2025\/08\/6-768x768.png 768w, https:\/\/triox.be\/wp-content\/uploads\/2025\/08\/6.png 1080w\" sizes=\"(max-width: 300px) 100vw, 300px\" \/><\/div>\n\t\t<\/a>\n\t\t\t\t<div class=\"elementor-post__text\">\n\t\t\t\t<h3 class=\"elementor-post__title\">\n\t\t\t<a href=\"https:\/\/triox.be\/uk\/gestion-des-factures\/\" target=&quot;_blank&quot;>\n\t\t\t\tGestion des Factures\t\t\t<\/a>\n\t\t<\/h3>\n\t\t\n\t\t<a class=\"elementor-post__read-more\" href=\"https:\/\/triox.be\/uk\/gestion-des-factures\/\" aria-label=\"Read more about Gestion des Factures\" tabindex=\"-1\" target=\"_blank\">\n\t\t\tRead More \u00bb\t\t<\/a>\n\n\t\t\t\t<\/div>\n\t\t\t\t<\/article>\n\t\t\t\t<article class=\"elementor-post elementor-grid-item post-980 post type-post status-publish format-standard has-post-thumbnail hentry category-docs\" role=\"listitem\">\n\t\t\t\t<a class=\"elementor-post__thumbnail__link\" href=\"https:\/\/triox.be\/uk\/gestion-des-devis\/\" tabindex=\"-1\" target=&quot;_blank&quot;>\n\t\t\t<div class=\"elementor-post__thumbnail\"><img loading=\"lazy\" decoding=\"async\" width=\"300\" height=\"300\" src=\"https:\/\/triox.be\/wp-content\/uploads\/2025\/08\/5-300x300.png\" class=\"attachment-medium size-medium wp-image-1001\" alt=\"gestion devis\" srcset=\"https:\/\/triox.be\/wp-content\/uploads\/2025\/08\/5-300x300.png 300w, https:\/\/triox.be\/wp-content\/uploads\/2025\/08\/5-1024x1024.png 1024w, https:\/\/triox.be\/wp-content\/uploads\/2025\/08\/5-150x150.png 150w, https:\/\/triox.be\/wp-content\/uploads\/2025\/08\/5-768x768.png 768w, https:\/\/triox.be\/wp-content\/uploads\/2025\/08\/5.png 1080w\" sizes=\"(max-width: 300px) 100vw, 300px\" \/><\/div>\n\t\t<\/a>\n\t\t\t\t<div class=\"elementor-post__text\">\n\t\t\t\t<h3 class=\"elementor-post__title\">\n\t\t\t<a href=\"https:\/\/triox.be\/uk\/gestion-des-devis\/\" target=&quot;_blank&quot;>\n\t\t\t\tGestion des Devis\t\t\t<\/a>\n\t\t<\/h3>\n\t\t\n\t\t<a class=\"elementor-post__read-more\" href=\"https:\/\/triox.be\/uk\/gestion-des-devis\/\" aria-label=\"Read more about Gestion des Devis\" tabindex=\"-1\" target=\"_blank\">\n\t\t\tRead More \u00bb\t\t<\/a>\n\n\t\t\t\t<\/div>\n\t\t\t\t<\/article>\n\t\t\t\t<article class=\"elementor-post elementor-grid-item post-978 post type-post status-publish format-standard has-post-thumbnail hentry category-docs\" role=\"listitem\">\n\t\t\t\t<a class=\"elementor-post__thumbnail__link\" href=\"https:\/\/triox.be\/uk\/gestion-des-recus\/\" tabindex=\"-1\" target=&quot;_blank&quot;>\n\t\t\t<div class=\"elementor-post__thumbnail\"><img loading=\"lazy\" decoding=\"async\" width=\"300\" height=\"300\" src=\"https:\/\/triox.be\/wp-content\/uploads\/2025\/08\/4-300x300.png\" class=\"attachment-medium size-medium wp-image-1002\" alt=\"gestion re\u00e7us\" srcset=\"https:\/\/triox.be\/wp-content\/uploads\/2025\/08\/4-300x300.png 300w, https:\/\/triox.be\/wp-content\/uploads\/2025\/08\/4-1024x1024.png 1024w, https:\/\/triox.be\/wp-content\/uploads\/2025\/08\/4-150x150.png 150w, https:\/\/triox.be\/wp-content\/uploads\/2025\/08\/4-768x768.png 768w, https:\/\/triox.be\/wp-content\/uploads\/2025\/08\/4.png 1080w\" sizes=\"(max-width: 300px) 100vw, 300px\" \/><\/div>\n\t\t<\/a>\n\t\t\t\t<div class=\"elementor-post__text\">\n\t\t\t\t<h3 class=\"elementor-post__title\">\n\t\t\t<a href=\"https:\/\/triox.be\/uk\/gestion-des-recus\/\" target=&quot;_blank&quot;>\n\t\t\t\tGestion des Re\u00e7us\t\t\t<\/a>\n\t\t<\/h3>\n\t\t\n\t\t<a class=\"elementor-post__read-more\" href=\"https:\/\/triox.be\/uk\/gestion-des-recus\/\" aria-label=\"Read more about Gestion des Re\u00e7us\" tabindex=\"-1\" target=\"_blank\">\n\t\t\tRead More \u00bb\t\t<\/a>\n\n\t\t\t\t<\/div>\n\t\t\t\t<\/article>\n\t\t\t\t<article class=\"elementor-post elementor-grid-item post-976 post type-post status-publish format-standard has-post-thumbnail hentry category-docs\" role=\"listitem\">\n\t\t\t\t<a class=\"elementor-post__thumbnail__link\" href=\"https:\/\/triox.be\/uk\/suivi-encaissements\/\" tabindex=\"-1\" target=&quot;_blank&quot;>\n\t\t\t<div class=\"elementor-post__thumbnail\"><img loading=\"lazy\" decoding=\"async\" width=\"300\" height=\"300\" src=\"https:\/\/triox.be\/wp-content\/uploads\/2025\/08\/3-300x300.png\" class=\"attachment-medium size-medium wp-image-1003\" alt=\"support logiciel facturation\" srcset=\"https:\/\/triox.be\/wp-content\/uploads\/2025\/08\/3-300x300.png 300w, https:\/\/triox.be\/wp-content\/uploads\/2025\/08\/3-1024x1024.png 1024w, https:\/\/triox.be\/wp-content\/uploads\/2025\/08\/3-150x150.png 150w, https:\/\/triox.be\/wp-content\/uploads\/2025\/08\/3-768x768.png 768w, https:\/\/triox.be\/wp-content\/uploads\/2025\/08\/3.png 1080w\" sizes=\"(max-width: 300px) 100vw, 300px\" \/><\/div>\n\t\t<\/a>\n\t\t\t\t<div class=\"elementor-post__text\">\n\t\t\t\t<h3 class=\"elementor-post__title\">\n\t\t\t<a href=\"https:\/\/triox.be\/uk\/suivi-encaissements\/\" target=&quot;_blank&quot;>\n\t\t\t\tSuivi Encaissements\t\t\t<\/a>\n\t\t<\/h3>\n\t\t\n\t\t<a class=\"elementor-post__read-more\" href=\"https:\/\/triox.be\/uk\/suivi-encaissements\/\" aria-label=\"Read more about Suivi Encaissements\" tabindex=\"-1\" target=\"_blank\">\n\t\t\tRead More \u00bb\t\t<\/a>\n\n\t\t\t\t<\/div>\n\t\t\t\t<\/article>\n\t\t\t\t<article class=\"elementor-post elementor-grid-item post-974 post type-post status-publish format-standard has-post-thumbnail hentry category-docs\" role=\"listitem\">\n\t\t\t\t<a class=\"elementor-post__thumbnail__link\" href=\"https:\/\/triox.be\/uk\/factures-proforma\/\" tabindex=\"-1\" target=&quot;_blank&quot;>\n\t\t\t<div class=\"elementor-post__thumbnail\"><img loading=\"lazy\" decoding=\"async\" width=\"300\" height=\"300\" src=\"https:\/\/triox.be\/wp-content\/uploads\/2025\/08\/2-300x300.png\" class=\"attachment-medium size-medium wp-image-1005\" alt=\"factures proforma\" srcset=\"https:\/\/triox.be\/wp-content\/uploads\/2025\/08\/2-300x300.png 300w, https:\/\/triox.be\/wp-content\/uploads\/2025\/08\/2-1024x1024.png 1024w, https:\/\/triox.be\/wp-content\/uploads\/2025\/08\/2-150x150.png 150w, https:\/\/triox.be\/wp-content\/uploads\/2025\/08\/2-768x768.png 768w, https:\/\/triox.be\/wp-content\/uploads\/2025\/08\/2.png 1080w\" sizes=\"(max-width: 300px) 100vw, 300px\" \/><\/div>\n\t\t<\/a>\n\t\t\t\t<div class=\"elementor-post__text\">\n\t\t\t\t<h3 class=\"elementor-post__title\">\n\t\t\t<a href=\"https:\/\/triox.be\/uk\/factures-proforma\/\" target=&quot;_blank&quot;>\n\t\t\t\tFactures Proforma\t\t\t<\/a>\n\t\t<\/h3>\n\t\t\n\t\t<a class=\"elementor-post__read-more\" href=\"https:\/\/triox.be\/uk\/factures-proforma\/\" aria-label=\"Read more about Factures Proforma\" tabindex=\"-1\" target=\"_blank\">\n\t\t\tRead More \u00bb\t\t<\/a>\n\n\t\t\t\t<\/div>\n\t\t\t\t<\/article>\n\t\t\t\t<article class=\"elementor-post elementor-grid-item post-972 post type-post status-publish format-standard has-post-thumbnail hentry category-docs\" role=\"listitem\">\n\t\t\t\t<a class=\"elementor-post__thumbnail__link\" href=\"https:\/\/triox.be\/uk\/gestion-client\/\" tabindex=\"-1\" target=&quot;_blank&quot;>\n\t\t\t<div class=\"elementor-post__thumbnail\"><img loading=\"lazy\" decoding=\"async\" width=\"300\" height=\"300\" src=\"https:\/\/triox.be\/wp-content\/uploads\/2025\/08\/1-300x300.png\" class=\"attachment-medium size-medium wp-image-1004\" alt=\"gestion client\" srcset=\"https:\/\/triox.be\/wp-content\/uploads\/2025\/08\/1-300x300.png 300w, https:\/\/triox.be\/wp-content\/uploads\/2025\/08\/1-1024x1024.png 1024w, https:\/\/triox.be\/wp-content\/uploads\/2025\/08\/1-150x150.png 150w, https:\/\/triox.be\/wp-content\/uploads\/2025\/08\/1-768x768.png 768w, https:\/\/triox.be\/wp-content\/uploads\/2025\/08\/1.png 1080w\" sizes=\"(max-width: 300px) 100vw, 300px\" \/><\/div>\n\t\t<\/a>\n\t\t\t\t<div class=\"elementor-post__text\">\n\t\t\t\t<h3 class=\"elementor-post__title\">\n\t\t\t<a href=\"https:\/\/triox.be\/uk\/gestion-client\/\" target=&quot;_blank&quot;>\n\t\t\t\tGestion Client\t\t\t<\/a>\n\t\t<\/h3>\n\t\t\n\t\t<a class=\"elementor-post__read-more\" href=\"https:\/\/triox.be\/uk\/gestion-client\/\" aria-label=\"Read more about Gestion Client\" tabindex=\"-1\" target=\"_blank\">\n\t\t\tRead More \u00bb\t\t<\/a>\n\n\t\t\t\t<\/div>\n\t\t\t\t<\/article>\n\t\t\t\t<\/div>\n\t\t\n\t\t\t\t\t\t<\/div>\n\t\t\t\t<\/div>\n\t\t\t\t<\/div>\n\t\t<div class=\"elementor-element elementor-element-ccbc36a e-flex e-con-boxed wpr-particle-no wpr-jarallax-no wpr-parallax-no wpr-sticky-section-no wpr-column-slider-no wpr-equal-height-no e-con e-parent\" data-id=\"ccbc36a\" data-element_type=\"container\" data-e-type=\"container\" data-settings=\"{&quot;background_background&quot;:&quot;classic&quot;}\">\n\t\t\t\t\t<div class=\"e-con-inner\">\n\t\t<div class=\"elementor-element elementor-element-45b9b94 e-con-full e-flex wpr-particle-no wpr-jarallax-no wpr-parallax-no wpr-sticky-section-no wpr-column-slider-no wpr-equal-height-no e-con e-child\" data-id=\"45b9b94\" data-element_type=\"container\" data-e-type=\"container\" data-settings=\"{&quot;background_background&quot;:&quot;classic&quot;}\">\n\t\t\t\t<div class=\"elementor-element elementor-element-83c5c41 elementor-widget elementor-widget-heading\" data-id=\"83c5c41\" data-element_type=\"widget\" data-e-type=\"widget\" data-widget_type=\"heading.default\">\n\t\t\t\t<div class=\"elementor-widget-container\">\n\t\t\t\t\t<h2 class=\"elementor-heading-title elementor-size-default\">Support &amp; Assistance TRIOX<\/h2>\t\t\t\t<\/div>\n\t\t\t\t<\/div>\n\t\t\t\t<div class=\"elementor-element elementor-element-f6f0737 elementor-widget elementor-widget-text-editor\" data-id=\"f6f0737\" data-element_type=\"widget\" data-e-type=\"widget\" data-widget_type=\"text-editor.default\">\n\t\t\t\t<div class=\"elementor-widget-container\">\n\t\t\t\t\t\t\t\t\t<p data-start=\"383\" data-end=\"568\">Vous n\u2019avez pas trouv\u00e9 la r\u00e9ponse \u00e0 votre question dans les rubriques ci-dessus ?<\/p>\t\t\t\t\t\t\t\t<\/div>\n\t\t\t\t<\/div>\n\t\t\t\t<div class=\"elementor-element elementor-element-24b4de4 elementor-button-align-start elementor-widget elementor-widget-form\" data-id=\"24b4de4\" data-element_type=\"widget\" data-e-type=\"widget\" data-settings=\"{&quot;step_next_label&quot;:&quot;Suivant&quot;,&quot;step_previous_label&quot;:&quot;Pr\\u00e9c\\u00e9dent&quot;,&quot;button_width&quot;:&quot;100&quot;,&quot;step_type&quot;:&quot;number_text&quot;,&quot;step_icon_shape&quot;:&quot;circle&quot;}\" data-widget_type=\"form.default\">\n\t\t\t\t<div class=\"elementor-widget-container\">\n\t\t\t\t\t\t\t<form class=\"elementor-form\" method=\"post\" name=\"Nouveau formulaire\" aria-label=\"Nouveau formulaire\">\n\t\t\t<input type=\"hidden\" name=\"post_id\" value=\"507\"\/>\n\t\t\t<input type=\"hidden\" name=\"form_id\" value=\"24b4de4\"\/>\n\t\t\t<input type=\"hidden\" name=\"referer_title\" value=\"Support logiciel facturation | Assistance Triox\" \/>\n\n\t\t\t\t\t\t\t<input type=\"hidden\" name=\"queried_id\" value=\"507\"\/>\n\t\t\t\n\t\t\t<div class=\"elementor-form-fields-wrapper elementor-labels-above\">\n\t\t\t\t\t\t\t\t<div class=\"elementor-field-type-text elementor-field-group elementor-column elementor-field-group-name elementor-col-50\">\n\t\t\t\t\t\t\t\t\t\t\t\t\t<input size=\"1\" type=\"text\" name=\"form_fields[name]\" id=\"form-field-name\" class=\"elementor-field elementor-size-sm  elementor-field-textual\" placeholder=\"Nom\">\n\t\t\t\t\t\t\t\t\t\t\t<\/div>\n\t\t\t\t\t\t\t\t<div class=\"elementor-field-type-select elementor-field-group elementor-column elementor-field-group-field_87579ef elementor-col-50 elementor-field-required\">\n\t\t\t\t\t\t\t<div class=\"elementor-field elementor-select-wrapper remove-before \">\n\t\t\t<div class=\"select-caret-down-wrapper\">\n\t\t\t\t<svg aria-hidden=\"true\" class=\"e-font-icon-svg e-eicon-caret-down\" viewBox=\"0 0 571.4 571.4\" xmlns=\"http:\/\/www.w3.org\/2000\/svg\"><path d=\"M571 393Q571 407 561 418L311 668Q300 679 286 679T261 668L11 418Q0 407 0 393T11 368 36 357H536Q550 357 561 368T571 393Z\"><\/path><\/svg>\t\t\t<\/div>\n\t\t\t<select name=\"form_fields[field_87579ef]\" id=\"form-field-field_87579ef\" class=\"elementor-field-textual elementor-size-sm\" required=\"required\">\n\t\t\t\t\t\t\t\t\t<option value=\"Sujet de la demande\">Sujet de la demande<\/option>\n\t\t\t\t\t\t\t\t\t<option value=\"Probl\u00e8me technique\">Probl\u00e8me technique<\/option>\n\t\t\t\t\t\t\t\t\t<option value=\"Facturation &amp; abonnement\">Facturation &amp; abonnement<\/option>\n\t\t\t\t\t\t\t\t\t<option value=\"Formation &amp; prise en main\">Formation &amp; prise en main<\/option>\n\t\t\t\t\t\t\t\t\t<option value=\"Autre demande\">Autre demande<\/option>\n\t\t\t\t\t\t\t<\/select>\n\t\t<\/div>\n\t\t\t\t\t\t<\/div>\n\t\t\t\t\t\t\t\t<div class=\"elementor-field-type-email elementor-field-group elementor-column elementor-field-group-email elementor-col-60 elementor-field-required\">\n\t\t\t\t\t\t\t\t\t\t\t\t\t<input size=\"1\" type=\"email\" name=\"form_fields[email]\" id=\"form-field-email\" class=\"elementor-field elementor-size-sm  elementor-field-textual\" placeholder=\"E-mail\" required=\"required\">\n\t\t\t\t\t\t\t\t\t\t\t<\/div>\n\t\t\t\t\t\t\t\t<div class=\"elementor-field-type-tel elementor-field-group elementor-column elementor-field-group-field_d8bd12a elementor-col-40 elementor-field-required\">\n\t\t\t\t\t\t\t<input size=\"1\" type=\"tel\" name=\"form_fields[field_d8bd12a]\" id=\"form-field-field_d8bd12a\" class=\"elementor-field elementor-size-sm  elementor-field-textual\" placeholder=\"Tel\" required=\"required\" pattern=\"[0-9()#&amp;+*-=.]+\" title=\"Only numbers and phone characters (#, -, *, etc) are accepted.\">\n\n\t\t\t\t\t\t<\/div>\n\t\t\t\t\t\t\t\t<div class=\"elementor-field-type-textarea elementor-field-group elementor-column elementor-field-group-message elementor-col-100\">\n\t\t\t\t\t<textarea class=\"elementor-field-textual elementor-field  elementor-size-sm\" name=\"form_fields[message]\" id=\"form-field-message\" rows=\"4\" placeholder=\"Message \/ Description du probl\u00e8me\"><\/textarea>\t\t\t\t<\/div>\n\t\t\t\t\t\t\t\t<div class=\"elementor-field-type-checkbox elementor-field-group elementor-column elementor-field-group-field_f2ae5dd elementor-col-100\">\n\t\t\t\t\t<div class=\"elementor-field-subgroup  \"><span class=\"elementor-field-option\"><input type=\"checkbox\" value=\"J\u2019accepte que mes donn\u00e9es soient utilis\u00e9es pour le traitement de ma demande conform\u00e9ment \u00e0 la politique de confidentialit\u00e9\" id=\"form-field-field_f2ae5dd-0\" name=\"form_fields[field_f2ae5dd]\"> <label for=\"form-field-field_f2ae5dd-0\">J\u2019accepte que mes donn\u00e9es soient utilis\u00e9es pour le traitement de ma demande conform\u00e9ment \u00e0 la politique de confidentialit\u00e9<\/label><\/span><\/div>\t\t\t\t<\/div>\n\t\t\t\t\t\t\t\t<div class=\"elementor-field-type-recaptcha_v3 elementor-field-group elementor-column elementor-field-group-field_6399bcb elementor-col-100 recaptcha_v3-inline\">\n\t\t\t\t\t<div class=\"elementor-field\" id=\"form-field-field_6399bcb\"><div class=\"elementor-g-recaptcha\" data-sitekey=\"6LeerW0rAAAAAFK9YiI4PCBch0IzX0IjIyvOuVtX\" data-type=\"v3\" data-action=\"Form\" data-badge=\"inline\" data-size=\"invisible\"><\/div><\/div>\t\t\t\t<\/div>\n\t\t\t\t\t\t\t\t<div class=\"elementor-field-group elementor-column elementor-field-type-submit elementor-col-100 e-form__buttons\">\n\t\t\t\t\t<button class=\"elementor-button elementor-size-sm\" type=\"submit\">\n\t\t\t\t\t\t<span class=\"elementor-button-content-wrapper\">\n\t\t\t\t\t\t\t\t\t\t\t\t\t\t\t\t\t\t\t\t\t\t<span class=\"elementor-button-text\">Envoyer<\/span>\n\t\t\t\t\t\t\t\t\t\t\t\t\t<\/span>\n\t\t\t\t\t<\/button>\n\t\t\t\t<\/div>\n\t\t\t<\/div>\n\t\t<\/form>\n\t\t\t\t\t\t<\/div>\n\t\t\t\t<\/div>\n\t\t\t\t<\/div>\n\t\t\t\t\t<\/div>\n\t\t\t\t<\/div>\n\t\t\t\t<\/div>\n\t\t","protected":false},"excerpt":{"rendered":"<p>support logiciel facturation Documentation et<\/p>","protected":false},"author":1,"featured_media":1003,"parent":0,"menu_order":0,"comment_status":"closed","ping_status":"closed","template":"elementor_header_footer","meta":{"footnotes":""},"class_list":["post-507","page","type-page","status-publish","has-post-thumbnail","hentry"],"_links":{"self":[{"href":"https:\/\/triox.be\/uk\/wp-json\/wp\/v2\/pages\/507","targetHints":{"allow":["GET"]}}],"collection":[{"href":"https:\/\/triox.be\/uk\/wp-json\/wp\/v2\/pages"}],"about":[{"href":"https:\/\/triox.be\/uk\/wp-json\/wp\/v2\/types\/page"}],"author":[{"embeddable":true,"href":"https:\/\/triox.be\/uk\/wp-json\/wp\/v2\/users\/1"}],"replies":[{"embeddable":true,"href":"https:\/\/triox.be\/uk\/wp-json\/wp\/v2\/comments?post=507"}],"version-history":[{"count":41,"href":"https:\/\/triox.be\/uk\/wp-json\/wp\/v2\/pages\/507\/revisions"}],"predecessor-version":[{"id":2091,"href":"https:\/\/triox.be\/uk\/wp-json\/wp\/v2\/pages\/507\/revisions\/2091"}],"wp:featuredmedia":[{"embeddable":true,"href":"https:\/\/triox.be\/uk\/wp-json\/wp\/v2\/media\/1003"}],"wp:attachment":[{"href":"https:\/\/triox.be\/uk\/wp-json\/wp\/v2\/media?parent=507"}],"curies":[{"name":"wp","href":"https:\/\/api.w.org\/{rel}","templated":true}]}}